{"id":671,"date":"2026-01-12T11:15:49","date_gmt":"2026-01-12T10:15:49","guid":{"rendered":"https:\/\/vikpensjonat.no\/?page_id=671"},"modified":"2026-01-12T11:20:31","modified_gmt":"2026-01-12T10:20:31","slug":"personvern","status":"publish","type":"page","link":"https:\/\/vikpensjonat.no\/en\/personvern\/","title":{"rendered":"Privacy policy"},"content":{"rendered":"<div data-elementor-type=\"wp-page\" data-elementor-id=\"671\" class=\"elementor elementor-671\" data-elementor-post-type=\"page\">\n\t\t\t\t<div class=\"elementor-element elementor-element-a2ded95 e-flex e-con-boxed e-con e-parent\" data-id=\"a2ded95\" data-element_type=\"container\" data-e-type=\"container\" data-settings=\"{&quot;background_background&quot;:&quot;classic&quot;}\">\n\t\t\t\t\t<div class=\"e-con-inner\">\n\t\t<div class=\"elementor-element elementor-element-4b4039a e-con-full e-flex e-con e-child\" data-id=\"4b4039a\" data-element_type=\"container\" data-e-type=\"container\">\n\t\t\t\t<div class=\"elementor-element elementor-element-da3fa46 elementor-widget elementor-widget-heading\" data-id=\"da3fa46\" data-element_type=\"widget\" data-e-type=\"widget\" data-widget_type=\"heading.default\">\n\t\t\t\t\t<h1 class=\"elementor-heading-title elementor-size-default\">Privacy policy<\/h1>\t\t\t\t<\/div>\n\t\t\t\t<\/div>\n\t\t\t\t\t<\/div>\n\t\t\t\t<\/div>\n\t\t<div class=\"elementor-element elementor-element-49fb2dc e-flex e-con-boxed e-con e-parent\" data-id=\"49fb2dc\" data-element_type=\"container\" data-e-type=\"container\">\n\t\t\t\t\t<div class=\"e-con-inner\">\n\t\t\t\t<div class=\"elementor-element elementor-element-0fb3875 elementor-widget elementor-widget-text-editor\" data-id=\"0fb3875\" data-element_type=\"widget\" data-e-type=\"widget\" data-widget_type=\"text-editor.default\">\n\t\t\t\t\t\t\t\t\t<h2>Personvernerkl\u00e6ring for VIK Pensjonat og www.vikpensjonat.no<\/h2><p><span style=\"font-weight: 400;\">Denne personvernerkl\u00e6ringen beskriver hva slags personopplysninger VIK Pensjonat samler inn og hvordan disse personopplysningene behandles.<\/span><\/p><p><span style=\"font-weight: 400;\">VIK Pensjonat forholder seg til den norske personopplysningsloven. Denne personvernerkl\u00e6ringen er laget etter kravene i personopplysningsloven \u00a7\u00a7 18 og 19.<\/span><\/p><h3>Hva er personopplysninger<\/h3><p><span style=\"font-weight: 400;\">Personopplysninger er informasjon om den enkelte person. Dette kan v\u00e6re personens navn, adresse, arbeidssted, sivilstatus, telefonnummer, e-post adresse osv. Informasjon om din kontakt, kontakt\u00e5rsak og kontaktform med VIK Pensjonat kan ogs\u00e5 forst\u00e5s som personopplysninger.<\/span><\/p><p><span style=\"font-weight: 400;\">Sensitive personopplysninger samles verken inn eller brukes av VIK Pensjonat. Dette er personopplysninger som siktelser, straffbare handlinger, helse og lignende.<\/span><\/p><p><span style=\"font-weight: 400;\">\u00d8nsker du mer informasjon om personopplysninger generelt kan https:\/\/www.datatilsynet.no\/om-personvern\/personopplysninger\/ bes\u00f8kes.<\/span><\/p><h3>Hvem er behandlingsansvarlig for dine personopplysninger hos VIK Pensjonat<\/h3><p><span style=\"font-weight: 400;\">VIK Pensjonats egen Office Manager er ansvarlig for virksomhetens behandling av personopplysninger. Ved eventuell framtidig delegering er det kun delegering av oppgavene som skjer, ansvaret for personopplysningene hviler uansett alltid p\u00e5 VIK Pensjonat.<\/span><\/p><h3>Personopplysninger VIK Pensjonat mottar<\/h3><p><span style=\"font-weight: 400;\">VIK Pensjonat har 2 kilder til personopplysninger som begge bygger p\u00e5 \u00a7 8 i personopplysningsloven.<\/span><\/p><p><span style=\"font-weight: 400;\">Hovedkilden for personopplysninger er opplysninger du selv oppgir. Dette skjer i all hovedsak gjennom kontaktskjemaet p\u00e5 VIK Pensjonat sin nettside. Kontaktskjemaet fungerer som m\u00f8teplassen mellom potensielle\/eksisterende kunder og VIK Pensjonat. Det er helt frivillig om du \u00f8nsker \u00e5 fylle ut et slikt skjema eller bare forbli passiv bes\u00f8kende p\u00e5 siden. Personopplysninger som samles inn via kontaktskjemaet er telefon, email og navn.<\/span><\/p><p><span style=\"font-weight: 400;\">I etterkant av kontaktskjemaet kan ytterligere personinformasjon bli generert gjennom e-post, telefon og lignende korrespondanse mellom VIK Pensjonat og deg som en potensiell\/eksisterende kunde.<\/span><\/p><p><span style=\"font-weight: 400;\">En annen kilde til personopplysninger er opplysninger VIK Pensjonat selv samler inn. Innsamlingen skjer gjennom Google Analytics. Den fanger opp hvor lenge du er p\u00e5 siden, IP-adressen, hvem linker du trykker og antall brukere p\u00e5 siden til ulike tider for \u00e5 nevne noe.<\/span><\/p><h3>Hvordan VIK Pensjonat bruker personopplysningene<\/h3><p><span style=\"font-weight: 400;\">Form\u00e5let med kontaktskjemaet og etterf\u00f8lgende korrespondanse er \u00e5 f\u00f8lge opp foresp\u00f8rsler og forpliktelser overfor kundene. VIK Pensjonat er avhengig av en slik \u00e5pen plattform mellom seg og sine kunder for \u00e5 sikre en tilfredsstillende kommunikasjon og sluttprodukt.<\/span><\/p><p><span style=\"font-weight: 400;\">Form\u00e5let med informasjonen fra Google Analytics er \u00e5 bedre nettsideopplevelsen. Dette kan for eksempel v\u00e6re \u00e5 gj\u00f8re layoutene mer brukervennlig, forst\u00e5 bruker trender, effektivisere og levere tjenestene som forventes p\u00e5 en bedre m\u00e5te og hindre kriminell adferd som hacking.<\/span><\/p><p><span style=\"font-weight: 400;\">Det rettslige grunnlaget for VIK Pensjonat sin behandling av personopplysningene er personopplysningsloven \u00a7 11.<\/span><\/p><h3>Hvordan administrere egne personopplysninger<\/h3><p><span style=\"font-weight: 400;\">Den begrensede mengden personopplysninger VIK Pensjonat samler inn via deg og p\u00e5 eget initiativ er sammenlignet med andre akt\u00f8rer og andre nettjenester sv\u00e6rt marginal. Dette har gjort at noen egen administrering av personopplysningene som for eksempel innstillinger i brukte apper og innstillinger i personalisert reklame ikke er aktuell hos oss. Personopplysningene innsamlet, brukes som nevnt ikke til slike form\u00e5l.<\/span><\/p><p><span style=\"font-weight: 400;\">Du har likevel alltid rettigheter knyttet til personopplysningene som du kan lese mer om nedenfor.<\/span><\/p><h3>Informasjonsdeling med tredjeparter<\/h3><p><span style=\"font-weight: 400;\">VIK Pensjonat deler ikke noe personinformasjon fra kontaktskjemaet, egne innsamlinger eller informasjon fra andre med noen tredjepart. Skulle slik utdeling likevel skje, vil du alltid f\u00e5 samtykke foresp\u00f8rsel fra oss.<\/span><\/p><h3>Sikker arkivering, sletting og internkontroll<\/h3><p><span style=\"font-weight: 400;\">I takt med personopplysningsloven \u00a7 13 vil alle personopplysninger VIK Pensjonat mottar bli arkivert p\u00e5 enten en sikker e-post eller server s\u00e5 lenge arbeidsforholdet mellom deg og VIK Pensjonat p\u00e5g\u00e5r. Ved opph\u00f8r i arbeidsforhold vil all kommunikasjon og personopplysninger slettes innen 2 \u00e5r.<\/span><\/p><p><span style=\"font-weight: 400;\">VIK Pensjonat har en internkontroll p\u00e5 slik arkivering, sikkerhet og sletting foreg\u00e5r etter m\u00e5l og i hold med rettslige standarder.<\/span><\/p><h3>Rettigheter<\/h3><p><span style=\"font-weight: 400;\">Av personopplysningsloven har du som bruker eller kunde av VIK Pensjonat rett til \u00e5 bli glemt, rett til dataportabilitet, rett til innsyn, og rett mot \u00e5 bli profilert.<\/span><\/p><p><span style=\"font-weight: 400;\">Retten til \u00e5 bli glemt betyr at alle personopplysninger registrert hos VIK Pensjonat kan be om \u00e5 slettes. Dersom dette ikke bes om vil VIK Pensjonat uansett slette det meste av personopplysninger 2 \u00e5r etter endt kontakt.<\/span><\/p><p><span style=\"font-weight: 400;\">Rett til dataportabilitet tilsier at du kan f\u00e5 en digital kopi av alle personopplysninger VIK Pensjonat har om deg. Denne retten inneb\u00e6rer ogs\u00e5 at du kan ta med disse personopplysningene til en annen virksomhet hvis det er teknisk mulig og forsvarlig. Personopplysninger som omfattes av dataportabilitet er personopplysninger gitt VIK Pensjonat, som gjennom kontaktskjemaet, eller automatiserte personopplysninger generert gjennom bruk av VIK Pensjonat sine tjenester.<\/span><\/p><p><span style=\"font-weight: 400;\">Rett til innsyn inneb\u00e6rer at du har rett til \u00e5 se hvilke opplysninger VIK Pensjonat har registrert om deg.<\/span><\/p><p><span style=\"font-weight: 400;\">Rett mot profilering gir rett til \u00e5 nekte VIK Pensjonat \u00e5 kartlegge din bruk og v\u00e6rem\u00e5te, og s\u00e5ledes skreddersy v\u00e5re tjenester mot deg basert p\u00e5 denne kartleggingen. Typiske eksempler vil v\u00e6re personalisert annonsering, tjenesteutvikling, markedsunders\u00f8kelser osv. Dette er likevel lite aktuelt ovenfor VIK Pensjonat n\u00e5r VIK Pensjonat i liten grad har interesse eller bruk for slik bredde og dybde kartlegging.<\/span><\/p><p><span style=\"font-weight: 400;\">For \u00e5 iverksette en eller flere av disse rettighetene, ta kontakt med oss. Du har lovgitt rett p\u00e5 \u00e5 f\u00e5 svar fra oss innen minst 1 m\u00e5ned.<\/span><\/p><h3>Barns personvern<\/h3><p><span style=\"font-weight: 400;\">VIK Pensjonat har verken \u00f8nske eller behov for \u00e5 samle inn eller behandle personopplysninger om barn under 16 \u00e5r. Slike personopplysninger m\u00e5 komme gjennom en foresatt.<\/span><\/p><p><span style=\"font-weight: 400;\">Personinformasjon etterlatt av barn til VIK Pensjonat vil slettes s\u00e5 raskt det kommer VIK Pensjonat til kunnskap.<\/span><\/p><h3>Personvernombud<\/h3><p><span style=\"font-weight: 400;\">VIK Pensjonat har ikke noe personvernombud siden bedriften ikke er en offentlig virksomhet, ikke behandler sensitive opplysninger, ikke beg\u00e5r systematisk kartlegging av personer og ikke behandler personopplysninger om straffbare forhold.<\/span><\/p><h3>Gjennomf\u00f8ring av endringer<\/h3><p><span style=\"font-weight: 400;\">VIK Pensjonat vil fra tid til annen oppdatere sin personvernerkl\u00e6ring for \u00e5 sikre at den holder den rettslige standarden norsk rett krever. Slike oppdateringer vil dere bli informert om.<\/span><\/p><h3>Kontaktinformasjon<\/h3><p><span style=\"font-weight: 400;\">Har du ytterligere sp\u00f8rsm\u00e5l om VIK Pensjonats personvernerkl\u00e6ring eller andre foresp\u00f8rsler kan du kontakte bedriften.<\/span><\/p><p><span style=\"font-weight: 400;\">Phone: <a href=\"tel:+4753665162\"><span class=\"elementor-icon-list-text\">(+47) 53 66 51 62<\/span><\/a><\/span><\/p><p><span style=\"font-weight: 400;\">Mail: <a href=\"mailto:post@vikpensjonat.no\"><span class=\"elementor-icon-list-text\">post@vikpensjonat.no<\/span><\/a><\/span><\/p>\t\t\t\t\t\t\t\t<\/div>\n\t\t\t\t\t<\/div>\n\t\t\t\t<\/div>\n\t\t\t\t<\/div>","protected":false},"excerpt":{"rendered":"<p>Personvern Personvernerkl\u00e6ring for VIK Pensjonat og www.vikpensjonat.no Denne personvernerkl\u00e6ringen beskriver hva slags personopplysninger VIK Pensjonat samler inn og hvordan disse personopplysningene behandles. VIK Pensjonat forholder seg til den norske personopplysningsloven. Denne personvernerkl\u00e6ringen er laget etter kravene i personopplysningsloven \u00a7\u00a7 18 og 19. Hva er personopplysninger Personopplysninger er informasjon om den enkelte person. Dette kan v\u00e6re [&hellip;]<\/p>\n","protected":false},"author":1,"featured_media":0,"parent":0,"menu_order":0,"comment_status":"closed","ping_status":"closed","template":"","meta":{"_acf_changed":false,"footnotes":""},"class_list":["post-671","page","type-page","status-publish","hentry"],"acf":[],"yoast_head":"<!-- This site is optimized with the Yoast SEO plugin v27.0 - https:\/\/yoast.com\/product\/yoast-seo-wordpress\/ -->\n<title>Personvern | VIK Pensjonat<\/title>\n<meta name=\"robots\" content=\"noindex, nofollow\" \/>\n<meta property=\"og:locale\" content=\"en_GB\" \/>\n<meta property=\"og:type\" content=\"article\" \/>\n<meta property=\"og:title\" content=\"Personvern | VIK Pensjonat\" \/>\n<meta property=\"og:description\" content=\"Personvern Personvernerkl\u00e6ring for VIK Pensjonat og www.vikpensjonat.no Denne personvernerkl\u00e6ringen beskriver hva slags personopplysninger VIK Pensjonat samler inn og hvordan disse personopplysningene behandles. VIK Pensjonat forholder seg til den norske personopplysningsloven. Denne personvernerkl\u00e6ringen er laget etter kravene i personopplysningsloven \u00a7\u00a7 18 og 19. Hva er personopplysninger Personopplysninger er informasjon om den enkelte person. Dette kan v\u00e6re [&hellip;]\" \/>\n<meta property=\"og:url\" content=\"https:\/\/vikpensjonat.no\/en\/personvern\/\" \/>\n<meta property=\"og:site_name\" content=\"VIK Pensjonat\" \/>\n<meta property=\"article:publisher\" content=\"https:\/\/www.facebook.com\/eidfjordhotell\" \/>\n<meta property=\"article:modified_time\" content=\"2026-01-12T10:20:31+00:00\" \/>\n<meta property=\"og:image\" content=\"https:\/\/vikpensjonat.no\/wp-content\/uploads\/2025\/12\/opengraph-vik.jpg\" \/>\n\t<meta property=\"og:image:width\" content=\"2048\" \/>\n\t<meta property=\"og:image:height\" content=\"1363\" \/>\n\t<meta property=\"og:image:type\" content=\"image\/jpeg\" \/>\n<meta name=\"twitter:card\" content=\"summary_large_image\" \/>\n<meta name=\"twitter:label1\" content=\"Estimated reading time\" \/>\n\t<meta name=\"twitter:data1\" content=\"6 minutes\" \/>\n<script type=\"application\/ld+json\" class=\"yoast-schema-graph\">{\"@context\":\"https:\/\/schema.org\",\"@graph\":[{\"@type\":\"WebPage\",\"@id\":\"https:\/\/vikpensjonat.no\/personvern\/\",\"url\":\"https:\/\/vikpensjonat.no\/personvern\/\",\"name\":\"Personvern | VIK Pensjonat\",\"isPartOf\":{\"@id\":\"https:\/\/vikpensjonat.no\/#website\"},\"datePublished\":\"2026-01-12T10:15:49+00:00\",\"dateModified\":\"2026-01-12T10:20:31+00:00\",\"breadcrumb\":{\"@id\":\"https:\/\/vikpensjonat.no\/personvern\/#breadcrumb\"},\"inLanguage\":\"en-GB\",\"potentialAction\":[{\"@type\":\"ReadAction\",\"target\":[\"https:\/\/vikpensjonat.no\/personvern\/\"]}]},{\"@type\":\"BreadcrumbList\",\"@id\":\"https:\/\/vikpensjonat.no\/personvern\/#breadcrumb\",\"itemListElement\":[{\"@type\":\"ListItem\",\"position\":1,\"name\":\"Home\",\"item\":\"https:\/\/vik.hornstaging.no\/\"},{\"@type\":\"ListItem\",\"position\":2,\"name\":\"Personvern\"}]},{\"@type\":\"WebSite\",\"@id\":\"https:\/\/vikpensjonat.no\/#website\",\"url\":\"https:\/\/vikpensjonat.no\/\",\"name\":\"VIK Pensjonat\",\"description\":\"Overnatting i Eidfjord med fjellutsikt\",\"publisher\":{\"@id\":\"https:\/\/vikpensjonat.no\/#organization\"},\"alternateName\":\"VIK Pensjonat\",\"potentialAction\":[{\"@type\":\"SearchAction\",\"target\":{\"@type\":\"EntryPoint\",\"urlTemplate\":\"https:\/\/vikpensjonat.no\/?s={search_term_string}\"},\"query-input\":{\"@type\":\"PropertyValueSpecification\",\"valueRequired\":true,\"valueName\":\"search_term_string\"}}],\"inLanguage\":\"en-GB\"},{\"@type\":\"Organization\",\"@id\":\"https:\/\/vikpensjonat.no\/#organization\",\"name\":\"VIK Pensjonat\",\"alternateName\":\"VIK Pensjonat\",\"url\":\"https:\/\/vikpensjonat.no\/\",\"logo\":{\"@type\":\"ImageObject\",\"inLanguage\":\"en-GB\",\"@id\":\"https:\/\/vikpensjonat.no\/#\/schema\/logo\/image\/\",\"url\":\"https:\/\/vikpensjonat.no\/wp-content\/uploads\/2025\/10\/VIK_Pen_MainLogo_White-e1684135715102-1024x617-1.png\",\"contentUrl\":\"https:\/\/vikpensjonat.no\/wp-content\/uploads\/2025\/10\/VIK_Pen_MainLogo_White-e1684135715102-1024x617-1.png\",\"width\":1024,\"height\":617,\"caption\":\"VIK Pensjonat\"},\"image\":{\"@id\":\"https:\/\/vikpensjonat.no\/#\/schema\/logo\/image\/\"},\"sameAs\":[\"https:\/\/www.facebook.com\/eidfjordhotell\",\"https:\/\/www.instagram.com\/eidfjordhotel\/\"]}]}<\/script>\n<!-- \/ Yoast SEO plugin. -->","yoast_head_json":{"title":"Personvern | VIK Pensjonat","robots":{"index":"noindex","follow":"nofollow"},"og_locale":"en_GB","og_type":"article","og_title":"Personvern | VIK Pensjonat","og_description":"Personvern Personvernerkl\u00e6ring for VIK Pensjonat og www.vikpensjonat.no Denne personvernerkl\u00e6ringen beskriver hva slags personopplysninger VIK Pensjonat samler inn og hvordan disse personopplysningene behandles. VIK Pensjonat forholder seg til den norske personopplysningsloven. Denne personvernerkl\u00e6ringen er laget etter kravene i personopplysningsloven \u00a7\u00a7 18 og 19. Hva er personopplysninger Personopplysninger er informasjon om den enkelte person. Dette kan v\u00e6re [&hellip;]","og_url":"https:\/\/vikpensjonat.no\/en\/personvern\/","og_site_name":"VIK Pensjonat","article_publisher":"https:\/\/www.facebook.com\/eidfjordhotell","article_modified_time":"2026-01-12T10:20:31+00:00","og_image":[{"width":2048,"height":1363,"url":"https:\/\/vikpensjonat.no\/wp-content\/uploads\/2025\/12\/opengraph-vik.jpg","type":"image\/jpeg"}],"twitter_card":"summary_large_image","twitter_misc":{"Estimated reading time":"6 minutes"},"schema":{"@context":"https:\/\/schema.org","@graph":[{"@type":"WebPage","@id":"https:\/\/vikpensjonat.no\/personvern\/","url":"https:\/\/vikpensjonat.no\/personvern\/","name":"Personvern | VIK Pensjonat","isPartOf":{"@id":"https:\/\/vikpensjonat.no\/#website"},"datePublished":"2026-01-12T10:15:49+00:00","dateModified":"2026-01-12T10:20:31+00:00","breadcrumb":{"@id":"https:\/\/vikpensjonat.no\/personvern\/#breadcrumb"},"inLanguage":"en-GB","potentialAction":[{"@type":"ReadAction","target":["https:\/\/vikpensjonat.no\/personvern\/"]}]},{"@type":"BreadcrumbList","@id":"https:\/\/vikpensjonat.no\/personvern\/#breadcrumb","itemListElement":[{"@type":"ListItem","position":1,"name":"Home","item":"https:\/\/vik.hornstaging.no\/"},{"@type":"ListItem","position":2,"name":"Personvern"}]},{"@type":"WebSite","@id":"https:\/\/vikpensjonat.no\/#website","url":"https:\/\/vikpensjonat.no\/","name":"VIK Pensjonat","description":"Overnatting i Eidfjord med fjellutsikt","publisher":{"@id":"https:\/\/vikpensjonat.no\/#organization"},"alternateName":"VIK Pensjonat","potentialAction":[{"@type":"SearchAction","target":{"@type":"EntryPoint","urlTemplate":"https:\/\/vikpensjonat.no\/?s={search_term_string}"},"query-input":{"@type":"PropertyValueSpecification","valueRequired":true,"valueName":"search_term_string"}}],"inLanguage":"en-GB"},{"@type":"Organization","@id":"https:\/\/vikpensjonat.no\/#organization","name":"VIK Pensjonat","alternateName":"VIK Pensjonat","url":"https:\/\/vikpensjonat.no\/","logo":{"@type":"ImageObject","inLanguage":"en-GB","@id":"https:\/\/vikpensjonat.no\/#\/schema\/logo\/image\/","url":"https:\/\/vikpensjonat.no\/wp-content\/uploads\/2025\/10\/VIK_Pen_MainLogo_White-e1684135715102-1024x617-1.png","contentUrl":"https:\/\/vikpensjonat.no\/wp-content\/uploads\/2025\/10\/VIK_Pen_MainLogo_White-e1684135715102-1024x617-1.png","width":1024,"height":617,"caption":"VIK Pensjonat"},"image":{"@id":"https:\/\/vikpensjonat.no\/#\/schema\/logo\/image\/"},"sameAs":["https:\/\/www.facebook.com\/eidfjordhotell","https:\/\/www.instagram.com\/eidfjordhotel\/"]}]}},"_links":{"self":[{"href":"https:\/\/vikpensjonat.no\/en\/wp-json\/wp\/v2\/pages\/671","targetHints":{"allow":["GET"]}}],"collection":[{"href":"https:\/\/vikpensjonat.no\/en\/wp-json\/wp\/v2\/pages"}],"about":[{"href":"https:\/\/vikpensjonat.no\/en\/wp-json\/wp\/v2\/types\/page"}],"author":[{"embeddable":true,"href":"https:\/\/vikpensjonat.no\/en\/wp-json\/wp\/v2\/users\/1"}],"replies":[{"embeddable":true,"href":"https:\/\/vikpensjonat.no\/en\/wp-json\/wp\/v2\/comments?post=671"}],"version-history":[{"count":5,"href":"https:\/\/vikpensjonat.no\/en\/wp-json\/wp\/v2\/pages\/671\/revisions"}],"predecessor-version":[{"id":683,"href":"https:\/\/vikpensjonat.no\/en\/wp-json\/wp\/v2\/pages\/671\/revisions\/683"}],"wp:attachment":[{"href":"https:\/\/vikpensjonat.no\/en\/wp-json\/wp\/v2\/media?parent=671"}],"curies":[{"name":"wp","href":"https:\/\/api.w.org\/{rel}","templated":true}]}}